{"id":903,"date":"2021-04-20T06:48:59","date_gmt":"2021-04-20T06:48:59","guid":{"rendered":"http:\/\/pascal-bouchez-philo.fr\/?page_id=903"},"modified":"2023-03-18T09:10:36","modified_gmt":"2023-03-18T09:10:36","slug":"about","status":"publish","type":"page","link":"https:\/\/pascal-bouchez-philo.fr\/","title":{"rendered":"Pr\u00e9sentation"},"content":{"rendered":"\n\n\t\t\t\t<img loading=\"lazy\" decoding=\"async\" src=\"https:\/\/pascal-bouchez-philo.fr\/wp-content\/uploads\/2022\/08\/logo-7.png\" alt=\"logo\" itemprop=\"image\" height=\"128\" width=\"106\" title=\"logo\" onerror=\"this.style.display='none'\"  \/>\n\t<h2>Pascal Bouchez<\/h2>\n\t\t\t\t<img decoding=\"async\" src=\"http:\/\/pascal-bouchez-philo.fr\/wp-content\/uploads\/2022\/08\/auteur-150x150.jpg\" alt=\"auteur\" itemprop=\"image\" title=\"auteur\" onerror=\"this.style.display='none'\"  \/>\n\t<h5>Docteur en Philosophie<\/h5>\n\t<h5>Professeur de l&rsquo;enseignement secondaire et sup\u00e9rieur, Pr\u00e9sident puis vice-Pr\u00e9sident du Comit\u00e9 d&rsquo;Ethique Recherche de l&rsquo;Universit\u00e9 Savoie-Mont Blanc, ses recherches portent sur les conditions d&rsquo;\u00e9laboration d&rsquo;une morale <em>m\u00e9ta-humaniste<\/em> fond\u00e9e sur une ontologie d&rsquo;influence heideggerienne.<\/h5>\n<p>Depuis 1993, date de ses premiers travaux universitaires, Pascal Bouchez, m\u00e8ne une r\u00e9flexion sur la relation entre l&rsquo;homme et la nature, qui l&rsquo;a, en 1998, conduit \u00e0 soutenir une th\u00e8se de doctorat consacr\u00e9e \u00e0 une identification historique et philosophique des motivations occultes de la technique.<\/p>\n<p>Dans la continuit\u00e9 d&rsquo;Heidegger, qu&rsquo;il consid\u00e8re comme son influence philosophique majeure, il y d\u00e9crit l&rsquo;av\u00e8nement de celui qu&rsquo;il appelle le <em>Technanthrope.<\/em> Stade ultime d&rsquo;une processus d&rsquo;\u00e9volution interactif, en vertu duquel <em>homo sapiens<\/em> et <em>homo faber<\/em> coexistent et s&rsquo;interpellent, celui-ci se pr\u00e9sente comme le produit d&rsquo;un principe de transcendance, qui l&rsquo;incite \u00e0 quitter l&rsquo;\u00e9tat de nature jusqu&rsquo;\u00e0 atteindre le point de rupture impos\u00e9 par la <em>ratiocratie<\/em> issue de la r\u00e9volution copernicienne et du principe de raison suffisante.<\/p>\n<p>Ma\u00eetre d&rsquo;\u0153uvre de l&rsquo;<em>arraisonnement<\/em>, identifi\u00e9 par Heidegger comme sympt\u00f4me de la technique moderne, le <em>Technanthrope<\/em> incarne l&rsquo;expression ultime de l&rsquo;oubli ontologique responsable de la banalisation, de la r\u00e9ification et de l&rsquo;exploitation de la nature et du vivant.<\/p>\n<p>Afin de sortir de cette impasse, et de n\u00e9gocier le \u00ab\u00a0tournant\u00a0\u00bb annonc\u00e9 par Heidegger, Pascal Bouchez pr\u00e9conise l&rsquo;\u00e9laboration d&rsquo;une morale fond\u00e9e sur la r\u00e9habilitation et la promotion de la question ontologique\u00a0: \u00ab\u00a0<em>Pourquoi y a-t-il quelque chose plut\u00f4t que rien?<\/em>\u00ab\u00a0<\/p>\n<p>Appel\u00e9e <em>d\u00e9-onto-logie,<\/em> d\u00e9clinable en <em>physio\u00e9thique<\/em> et <em>zoo\u00e9thique<\/em>, cette morale se pr\u00e9sente comme la condition n\u00e9cessaire d&rsquo;un changement de paradigme et d&rsquo;une \u00e9cologie enfin affranchie de toute approche gestionnaire de la nature. La question ontologique servant d&rsquo;\u00e9l\u00e9ment d\u00e9clencheur pour une prise de conscience du myst\u00e8re et de l&rsquo;improbabilit\u00e9 de l&rsquo;existence, dont d\u00e9coulent l&rsquo;irr\u00e9ductible valeur de chaque \u00eatre, puis l&rsquo;imp\u00e9ratif moral de celui qui peut sciemment y attenter.<\/p>\n<p>En raison de la dimension morale de sa conscience, capable d&rsquo;appr\u00e9cier l&rsquo;impact de ses actes sur l&rsquo;int\u00e9grit\u00e9 de ce qui lui est ext\u00e9rieur ainsi que sur la volont\u00e9 et la libert\u00e9 d&rsquo;existence de tout \u00eatre vivant ; en raison de l&rsquo;\u00e9tendue du pouvoir de nuisance li\u00e9 \u00e0 son h\u00e9g\u00e9monie conqu\u00e9rante, le <em>Technanthrope<\/em> est somm\u00e9 par un imp\u00e9ratif transcendant d&rsquo;inscrire sa pr\u00e9occupation morale dans la mission de \u00ab\u00a0berger de l&rsquo;Etre\u00a0\u00bb qu&rsquo;Heidegger attribue au <em>Da-sein<\/em>.<\/p>\n<p>C&rsquo;est dans cette perspective post-heidegerienne, d&rsquo;apr\u00e8s laquelle la mission pastorale du <em>Da-sein<\/em> n&rsquo;est pas dissociable d&rsquo;une approche \u00e9thique de la r\u00e9alit\u00e9 naturelle, que la d\u00e9-ontologie propos\u00e9e dans \u00ab<em>Origines, ambitions et \u00e9garements m\u00e9ta-physiques de la Technique<\/em>\u00a0\u00bb \u00e9volue naturellement en zoo\u00e9thique dans \u00ab\u00a0<em>Philosophes et autres animaux<\/em>\u00ab\u00a0.<\/p>\n<p>Parall\u00e8lement \u00e0 la promotion d&rsquo;une tradition philosophique, en marge d&rsquo;un anthropocentrisme rationaliste et humaniste, Pascal Bouchez y propose \u00ab\u00a0une \u00e9thique pour les animaux\u00a0\u00bb et non \u00ab\u00a0une morale de l&rsquo;Animal\u00a0\u00bb, qui repose sur un contrat domestique, en vertu duquel l&rsquo;homme aurait \u00e0 assumer la responsabilit\u00e9 des cons\u00e9quences du fait d&rsquo;\u00eatre devenu \u00ab\u00a0ma\u00eetre et possesseur de la nature\u00a0\u00bb.<\/p>\n\n","protected":false},"excerpt":{"rendered":"<p>Pascal Bouchez Docteur en Philosophie Professeur de l&rsquo;enseignement secondaire et sup\u00e9rieur, Pr\u00e9sident puis vice-Pr\u00e9sident du Comit\u00e9 d&rsquo;Ethique Recherche de l&rsquo;Universit\u00e9 Savoie-Mont Blanc, ses recherches portent sur les conditions d&rsquo;\u00e9laboration d&rsquo;une morale m\u00e9ta-humaniste fond\u00e9e sur une ontologie d&rsquo;influence heideggerienne. Depuis 1993, date de ses premiers travaux universitaires, Pascal Bouchez, m\u00e8ne une r\u00e9flexion sur la relation entre [&hellip;]<\/p>\n","protected":false},"author":1,"featured_media":0,"parent":0,"menu_order":0,"comment_status":"closed","ping_status":"closed","template":"","meta":{"om_disable_all_campaigns":false,"_monsterinsights_skip_tracking":false,"_monsterinsights_sitenote_active":false,"_monsterinsights_sitenote_note":"","_monsterinsights_sitenote_category":0,"site-sidebar-layout":"no-sidebar","site-content-layout":"page-builder","ast-site-content-layout":"default","site-content-style":"default","site-sidebar-style":"default","ast-global-header-display":"","ast-banner-title-visibility":"","ast-main-header-display":"","ast-hfb-above-header-display":"","ast-hfb-below-header-display":"","ast-hfb-mobile-header-display":"","site-post-title":"disabled","ast-breadcrumbs-content":"disabled","ast-featured-img":"disabled","footer-sml-layout":"","ast-disable-related-posts":"","theme-transparent-header-meta":"enabled","adv-header-id-meta":"","stick-header-meta":"","header-above-stick-meta":"","header-main-stick-meta":"","header-below-stick-meta":"","astra-migrate-meta-layouts":"default","ast-page-background-enabled":"default","ast-page-background-meta":{"desktop":{"background-color":"","background-image":"","background-repeat":"repeat","background-position":"center center","background-size":"auto","background-attachment":"scroll","background-type":"","background-media":"","overlay-type":"","overlay-color":"","overlay-opacity":"","overlay-gradient":""},"tablet":{"background-color":"","background-image":"","background-repeat":"repeat","background-position":"center center","background-size":"auto","background-attachment":"scroll","background-type":"","background-media":"","overlay-type":"","overlay-color":"","overlay-opacity":"","overlay-gradient":""},"mobile":{"background-color":"","background-image":"","background-repeat":"repeat","background-position":"center center","background-size":"auto","background-attachment":"scroll","background-type":"","background-media":"","overlay-type":"","overlay-color":"","overlay-opacity":"","overlay-gradient":""}},"ast-content-background-meta":{"desktop":{"background-color":"var(--ast-global-color-5)","background-image":"","background-repeat":"repeat","background-position":"center center","background-size":"auto","background-attachment":"scroll","background-type":"","background-media":"","overlay-type":"","overlay-color":"","overlay-opacity":"","overlay-gradient":""},"tablet":{"background-color":"var(--ast-global-color-5)","background-image":"","background-repeat":"repeat","background-position":"center center","background-size":"auto","background-attachment":"scroll","background-type":"","background-media":"","overlay-type":"","overlay-color":"","overlay-opacity":"","overlay-gradient":""},"mobile":{"background-color":"var(--ast-global-color-5)","background-image":"","background-repeat":"repeat","background-position":"center center","background-size":"auto","background-attachment":"scroll","background-type":"","background-media":"","overlay-type":"","overlay-color":"","overlay-opacity":"","overlay-gradient":""}},"footnotes":""},"class_list":["post-903","page","type-page","status-publish","hentry"],"aioseo_notices":[],"_links":{"self":[{"href":"https:\/\/pascal-bouchez-philo.fr\/index.php?rest_route=\/wp\/v2\/pages\/903","targetHints":{"allow":["GET"]}}],"collection":[{"href":"https:\/\/pascal-bouchez-philo.fr\/index.php?rest_route=\/wp\/v2\/pages"}],"about":[{"href":"https:\/\/pascal-bouchez-philo.fr\/index.php?rest_route=\/wp\/v2\/types\/page"}],"author":[{"embeddable":true,"href":"https:\/\/pascal-bouchez-philo.fr\/index.php?rest_route=\/wp\/v2\/users\/1"}],"replies":[{"embeddable":true,"href":"https:\/\/pascal-bouchez-philo.fr\/index.php?rest_route=%2Fwp%2Fv2%2Fcomments&post=903"}],"version-history":[{"count":40,"href":"https:\/\/pascal-bouchez-philo.fr\/index.php?rest_route=\/wp\/v2\/pages\/903\/revisions"}],"predecessor-version":[{"id":1137,"href":"https:\/\/pascal-bouchez-philo.fr\/index.php?rest_route=\/wp\/v2\/pages\/903\/revisions\/1137"}],"wp:attachment":[{"href":"https:\/\/pascal-bouchez-philo.fr\/index.php?rest_route=%2Fwp%2Fv2%2Fmedia&parent=903"}],"curies":[{"name":"wp","href":"https:\/\/api.w.org\/{rel}","templated":true}]}}